{"id":55,"date":"2020-04-02T01:27:00","date_gmt":"2020-04-01T23:27:00","guid":{"rendered":"http:\/\/jeanchristophebattesti.ovh\/home\/?page_id=55"},"modified":"2025-12-11T10:56:30","modified_gmt":"2025-12-11T09:56:30","slug":"graphiste-freelance","status":"publish","type":"page","link":"https:\/\/jeanchristophebattesti.ovh\/home\/","title":{"rendered":"Home"},"content":{"rendered":"<p>[et_pb_section fb_built=\u00a0\u00bb1&Prime; module_id=\u00a0\u00bbAccueil\u00a0\u00bb _builder_version=\u00a0\u00bb4.27.3&Prime; _module_preset=\u00a0\u00bbdefault\u00a0\u00bb background_enable_image=\u00a0\u00bboff\u00a0\u00bb width=\u00a0\u00bb100%\u00a0\u00bb custom_padding=\u00a0\u00bb0px||0px|||\u00a0\u00bb global_colors_info=\u00a0\u00bb{}\u00a0\u00bb][et_pb_row _builder_version=\u00a0\u00bb4.20.2&Prime; _module_preset=\u00a0\u00bbdefault\u00a0\u00bb custom_padding=\u00a0\u00bb0px|||||\u00a0\u00bb global_colors_info=\u00a0\u00bb{}\u00a0\u00bb][et_pb_column type=\u00a0\u00bb4_4&Prime; _builder_version=\u00a0\u00bb4.20.2&Prime; _module_preset=\u00a0\u00bbdefault\u00a0\u00bb global_colors_info=\u00a0\u00bb{}\u00a0\u00bb][et_pb_image src=\u00a0\u00bbhttps:\/\/jeanchristophebattesti.ovh\/home\/wp-content\/uploads\/2024\/11\/ID2.svg\u00a0\u00bb alt=\u00a0\u00bbJean-Christophe Battesti<br \/>\nGraphiste freelance<br \/>\nIdentit\u00e9 visuelle &#8211; Supports de communication\u00a0\u00bb title_text=\u00a0\u00bbID2&Prime; align=\u00a0\u00bbcenter\u00a0\u00bb _builder_version=\u00a0\u00bb4.27.3&Prime; _module_preset=\u00a0\u00bbdefault\u00a0\u00bb width=\u00a0\u00bb100%\u00a0\u00bb custom_padding=\u00a0\u00bb0px||0px|||\u00a0\u00bb global_colors_info=\u00a0\u00bb{}\u00a0\u00bb][\/et_pb_image][\/et_pb_column][\/et_pb_row][\/et_pb_section][et_pb_section fb_built=\u00a0\u00bb1&Prime; module_id=\u00a0\u00bbServices\u00a0\u00bb _builder_version=\u00a0\u00bb4.20.4&Prime; _module_preset=\u00a0\u00bbdefault\u00a0\u00bb custom_margin=\u00a0\u00bb-52px|||||\u00a0\u00bb custom_padding=\u00a0\u00bb||54px|||\u00a0\u00bb global_colors_info=\u00a0\u00bb{}\u00a0\u00bb][et_pb_row column_structure=\u00a0\u00bb1_3,1_3,1_3&Prime; _builder_version=\u00a0\u00bb4.20.4&Prime; _module_preset=\u00a0\u00bbdefault\u00a0\u00bb custom_padding=\u00a0\u00bb2px|||||\u00a0\u00bb global_colors_info=\u00a0\u00bb{}\u00a0\u00bb][et_pb_column type=\u00a0\u00bb1_3&Prime; _builder_version=\u00a0\u00bb4.20.4&Prime; _module_preset=\u00a0\u00bbdefault\u00a0\u00bb global_colors_info=\u00a0\u00bb{}\u00a0\u00bb][et_pb_image src=\u00a0\u00bbhttps:\/\/jeanchristophebattesti.ovh\/home\/wp-content\/uploads\/2023\/04\/Ident.svg\u00a0\u00bb title_text=\u00a0\u00bbIdent\u00a0\u00bb align=\u00a0\u00bbcenter\u00a0\u00bb _builder_version=\u00a0\u00bb4.20.4&Prime; _module_preset=\u00a0\u00bbdefault\u00a0\u00bb width=\u00a0\u00bb27%\u00a0\u00bb global_colors_info=\u00a0\u00bb{}\u00a0\u00bb][\/et_pb_image][et_pb_text _builder_version=\u00a0\u00bb4.20.4&Prime; _module_preset=\u00a0\u00bbdefault\u00a0\u00bb custom_padding=\u00a0\u00bb1px|||||\u00a0\u00bb global_colors_info=\u00a0\u00bb{}\u00a0\u00bb]<\/p>\n<h3 style=\"text-align: center;\"><span style=\"color: #006f9f;\"><strong>Identit\u00e9 visuelle<\/strong><\/span><\/h3>\n<p style=\"text-align: center;\"><span><strong>Cr\u00e9ation des \u00e9l\u00e9ments graphiques permettant de repr\u00e9senter visuellement votre entreprise.\u00a0<\/strong>L&rsquo;Identit\u00e9 visuelle se compose d&rsquo;un logo, de couleurs, de typographies et d&rsquo;\u00e9l\u00e9ments graphiques qui v\u00e9hiculent les valeurs et l&rsquo;image de marque de votre soci\u00e9t\u00e9.<\/span><\/p>\n<p>[\/et_pb_text][\/et_pb_column][et_pb_column type=\u00a0\u00bb1_3&Prime; _builder_version=\u00a0\u00bb4.20.4&Prime; _module_preset=\u00a0\u00bbdefault\u00a0\u00bb global_colors_info=\u00a0\u00bb{}\u00a0\u00bb][et_pb_image src=\u00a0\u00bbhttps:\/\/jeanchristophebattesti.ovh\/home\/wp-content\/uploads\/2023\/04\/Supports.svg\u00a0\u00bb title_text=\u00a0\u00bbSupports2&Prime; align=\u00a0\u00bbcenter\u00a0\u00bb _builder_version=\u00a0\u00bb4.21.0&Prime; _module_preset=\u00a0\u00bbdefault\u00a0\u00bb width=\u00a0\u00bb27%\u00a0\u00bb global_colors_info=\u00a0\u00bb{}\u00a0\u00bb][\/et_pb_image][et_pb_text _builder_version=\u00a0\u00bb4.20.4&Prime; _module_preset=\u00a0\u00bbdefault\u00a0\u00bb global_colors_info=\u00a0\u00bb{}\u00a0\u00bb]<\/p>\n<h3 style=\"text-align: center;\"><span style=\"color: #006f9f;\"><strong>Supports de communication<\/strong><\/span><\/h3>\n<p style=\"text-align: center;\"><span><strong>Cr\u00e9ation et r\u00e9alisation graphique de vos supports de communication :<\/strong> <br \/>magazine, catalogue, plaquette, carte de visite, flyer, signal\u00e9tique, roll-up, kak\u00e9mono\u2026 <br \/>en parfaite coh\u00e9rence avec l&rsquo;identit\u00e9 visuelle de votre entreprise.<\/span><\/p>\n<p>[\/et_pb_text][\/et_pb_column][et_pb_column type=\u00a0\u00bb1_3&Prime; _builder_version=\u00a0\u00bb4.20.4&Prime; _module_preset=\u00a0\u00bbdefault\u00a0\u00bb global_colors_info=\u00a0\u00bb{}\u00a0\u00bb][et_pb_image src=\u00a0\u00bbhttps:\/\/jeanchristophebattesti.ovh\/home\/wp-content\/uploads\/2023\/04\/print.svg\u00a0\u00bb title_text=\u00a0\u00bbprint\u00a0\u00bb align=\u00a0\u00bbcenter\u00a0\u00bb _builder_version=\u00a0\u00bb4.20.4&Prime; _module_preset=\u00a0\u00bbdefault\u00a0\u00bb width=\u00a0\u00bb27%\u00a0\u00bb global_colors_info=\u00a0\u00bb{}\u00a0\u00bb][\/et_pb_image][et_pb_text _builder_version=\u00a0\u00bb4.20.4&Prime; _module_preset=\u00a0\u00bbdefault\u00a0\u00bb custom_padding=\u00a0\u00bb||0px|||\u00a0\u00bb text_font_tablet=\u00a0\u00bb\u00a0\u00bb text_font_phone=\u00a0\u00bb\u00a0\u00bb text_font_last_edited=\u00a0\u00bbon|desktop\u00a0\u00bb global_colors_info=\u00a0\u00bb{}\u00a0\u00bb]<\/p>\n<h3 style=\"text-align: center;\"><span style=\"color: #006f9f;\"><strong>Impression*<\/strong><\/span><\/h3>\n<p style=\"text-align: center;\"><strong><span>\u00a0Pour l&rsquo;impression, je collabore avec<\/span>\u00a0<span style=\"text-decoration: underline;\"><a href=\"https:\/\/nouveausite.nord-imprim.fr\" target=\"_blank\" rel=\"noopener\">Nord&rsquo;imprim<\/a><\/span><\/strong><strong>, imprimerie labellis\u00e9e Imprim&rsquo;Vert. <\/strong><span>Je peux obtenir, si vous le d\u00e9sirez, \u00a0un devis d&rsquo;impression pour les cr\u00e9ations<\/span>\u00a0r\u00e9alis\u00e9es.<span>\u00a0Toutefois, vous \u00eates libre de travailler avec votre imprimeur habituel.<\/span><\/p>\n<p style=\"text-align: center;\">\n<p>[\/et_pb_text][\/et_pb_column][\/et_pb_row][et_pb_row _builder_version=\u00a0\u00bb4.20.4&Prime; _module_preset=\u00a0\u00bbdefault\u00a0\u00bb global_colors_info=\u00a0\u00bb{}\u00a0\u00bb][et_pb_column type=\u00a0\u00bb4_4&Prime; _builder_version=\u00a0\u00bb4.20.4&Prime; _module_preset=\u00a0\u00bbdefault\u00a0\u00bb global_colors_info=\u00a0\u00bb{}\u00a0\u00bb][et_pb_text _builder_version=\u00a0\u00bb4.20.4&Prime; _module_preset=\u00a0\u00bbdefault\u00a0\u00bb custom_padding=\u00a0\u00bb1px|||||\u00a0\u00bb global_colors_info=\u00a0\u00bb{}\u00a0\u00bb]<\/p>\n<p style=\"text-align: left;\"><span style=\"font-size: small;\"><span style=\"color: #006f9f;\">*\u00a0<\/span>Le statut d&rsquo;artiste-auteur ne m&rsquo;autorise pas \u00e0 majorer les prix d&rsquo;impression, cela signifie que je vous transmets le devis de l&rsquo;imprimeur sans y ajouter de marge. <br \/>Deux factures seront donc\u00a0\u00e9mises s\u00e9par\u00e9ment, la premi\u00e8re pour la cr\u00e9ation graphique \u00e0 r\u00e9gler au graphiste\u00a0et la seconde pour l&rsquo;impression \u00e0 r\u00e9gler directement \u00e0 l&rsquo;imprimeur.<\/span><\/p>\n<p>[\/et_pb_text][\/et_pb_column][\/et_pb_row][\/et_pb_section][et_pb_section fb_built=\u00a0\u00bb1&Prime; fullwidth=\u00a0\u00bbon\u00a0\u00bb module_id=\u00a0\u00bbPortfolio\u00a0\u00bb _builder_version=\u00a0\u00bb4.20.4&Prime; _module_preset=\u00a0\u00bbdefault\u00a0\u00bb background_color=\u00a0\u00bb#FFFFFF\u00a0\u00bb background_enable_image=\u00a0\u00bboff\u00a0\u00bb global_colors_info=\u00a0\u00bb{}\u00a0\u00bb][et_pb_fullwidth_portfolio fullwidth=\u00a0\u00bboff\u00a0\u00bb posts_number=\u00a0\u00bb0&Prime; show_date=\u00a0\u00bboff\u00a0\u00bb zoom_icon_color=\u00a0\u00bb#FFFFFF\u00a0\u00bb hover_icon=\u00a0\u00bb&#x54;||divi||400&Prime; _builder_version=\u00a0\u00bb4.21.0&Prime; _module_preset=\u00a0\u00bbdefault\u00a0\u00bb portfolio_header_text_align=\u00a0\u00bbcenter\u00a0\u00bb title_line_height=\u00a0\u00bb1.3em\u00a0\u00bb background_color=\u00a0\u00bb#FFFFFF\u00a0\u00bb background_layout=\u00a0\u00bbdark\u00a0\u00bb width_tablet=\u00a0\u00bb100%\u00a0\u00bb width_phone=\u00a0\u00bb100%\u00a0\u00bb width_last_edited=\u00a0\u00bbon|phone\u00a0\u00bb max_width=\u00a0\u00bb100%\u00a0\u00bb max_width_tablet=\u00a0\u00bb100%\u00a0\u00bb max_width_phone=\u00a0\u00bb100%\u00a0\u00bb max_width_last_edited=\u00a0\u00bbon|phone\u00a0\u00bb module_alignment=\u00a0\u00bbcenter\u00a0\u00bb custom_margin=\u00a0\u00bb44px|||||\u00a0\u00bb custom_padding=\u00a0\u00bb4px|||||\u00a0\u00bb global_colors_info=\u00a0\u00bb{}\u00a0\u00bb][\/et_pb_fullwidth_portfolio][\/et_pb_section][et_pb_section fb_built=\u00a0\u00bb1&Prime; module_id=\u00a0\u00bbContact\u00a0\u00bb _builder_version=\u00a0\u00bb4.27.4&Prime; _module_preset=\u00a0\u00bbdefault\u00a0\u00bb background_color=\u00a0\u00bbrgba(130,130,130,0.19)\u00a0\u00bb width=\u00a0\u00bb99.8%\u00a0\u00bb custom_padding=\u00a0\u00bb54px||21px|||\u00a0\u00bb top_divider_height=\u00a0\u00bb165px\u00a0\u00bb top_divider_flip=\u00a0\u00bbhorizontal|vertical\u00a0\u00bb global_colors_info=\u00a0\u00bb{}\u00a0\u00bb][et_pb_row _builder_version=\u00a0\u00bb4.20.4&Prime; _module_preset=\u00a0\u00bbdefault\u00a0\u00bb global_colors_info=\u00a0\u00bb{}\u00a0\u00bb][et_pb_column type=\u00a0\u00bb4_4&Prime; _builder_version=\u00a0\u00bb4.20.2&Prime; _module_preset=\u00a0\u00bbdefault\u00a0\u00bb global_colors_info=\u00a0\u00bb{}\u00a0\u00bb][et_pb_text _builder_version=\u00a0\u00bb4.27.4&Prime; _module_preset=\u00a0\u00bbdefault\u00a0\u00bb text_font_size=\u00a0\u00bb16px\u00a0\u00bb header_2_font=\u00a0\u00bb|||on|||||\u00a0\u00bb header_2_line_height=\u00a0\u00bb1.4em\u00a0\u00bb custom_padding=\u00a0\u00bb2px|||||\u00a0\u00bb inline_fonts=\u00a0\u00bbZilla Slab Highlight\u00a0\u00bb global_colors_info=\u00a0\u00bb{}\u00a0\u00bb]<\/p>\n<h1 style=\"text-align: center;\"><span style=\"font-size: x-large; color: #0a0a0a;\"><span style=\"font-family: inherit;\"><span style=\"color: #006f9f;\"><strong>Vous avez un projet ?<br \/><\/strong><\/span><\/span><\/span><span style=\"font-size: x-large; color: #0a0a0a;\"><span style=\"font-family: inherit;\"><span><\/span><\/span><\/span><span style=\"font-size: x-large; color: #0a0a0a;\"><span style=\"font-family: inherit;\">Merci de laisser vos coordonn\u00e9es,<br \/><\/span><\/span><span style=\"font-size: x-large; color: #0a0a0a;\"><span style=\"font-family: inherit;\"><span>je vous recontacte dans les plus brefs d\u00e9lais<\/span>.<br \/><\/span><\/span><\/h1>\n<p>[\/et_pb_text][et_pb_contact_form email=\u00a0\u00bbmail@jeanchristophebattesti.fr\u00a0\u00bb success_message=\u00a0\u00bbVotre demande a \u00e9t\u00e9 prise en compte, je vous recontacte rapidement\u00a0\u00bb _builder_version=\u00a0\u00bb4.27.4&Prime; _module_preset=\u00a0\u00bbdefault\u00a0\u00bb _unique_id=\u00a0\u00bba53ee38e-c20c-4807-8a2f-a46accc263e3&Prime; form_field_background_color=\u00a0\u00bb#FFFFFF\u00a0\u00bb captcha_font=\u00a0\u00bb|600|||||||\u00a0\u00bb captcha_font_size=\u00a0\u00bb15px\u00a0\u00bb captcha_letter_spacing=\u00a0\u00bb5px\u00a0\u00bb custom_button=\u00a0\u00bbon\u00a0\u00bb button_text_size=\u00a0\u00bb20px\u00a0\u00bb button_text_color=\u00a0\u00bb#006F9F\u00a0\u00bb button_bg_color=\u00a0\u00bb#FFFFFF\u00a0\u00bb button_border_color=\u00a0\u00bb#FFFFFF\u00a0\u00bb hover_enabled=\u00a0\u00bb0&Prime; form_field_focus_background_color_last_edited=\u00a0\u00bboff|desktop\u00a0\u00bb global_colors_info=\u00a0\u00bb{}\u00a0\u00bb button_text_color__hover_enabled=\u00a0\u00bbon|desktop\u00a0\u00bb button_text_color__hover=\u00a0\u00bb#006F9F\u00a0\u00bb sticky_enabled=\u00a0\u00bb0&Prime;][et_pb_contact_field field_id=\u00a0\u00bbNom_pr\u00e9nom\u00a0\u00bb field_title=\u00a0\u00bbVotre nom et pr\u00e9nom\u00a0\u00bb fullwidth_field=\u00a0\u00bbon\u00a0\u00bb _builder_version=\u00a0\u00bb4.20.4&Prime; _module_preset=\u00a0\u00bbdefault\u00a0\u00bb global_colors_info=\u00a0\u00bb{}\u00a0\u00bb][\/et_pb_contact_field][et_pb_contact_field field_id=\u00a0\u00bbEntreprise\u00a0\u00bb field_title=\u00a0\u00bbLe nom de votre entreprise\u00a0\u00bb fullwidth_field=\u00a0\u00bbon\u00a0\u00bb _builder_version=\u00a0\u00bb4.20.4&Prime; _module_preset=\u00a0\u00bbdefault\u00a0\u00bb global_colors_info=\u00a0\u00bb{}\u00a0\u00bb][\/et_pb_contact_field][et_pb_contact_field field_id=\u00a0\u00bbmail_ou_tel\u00a0\u00bb field_title=\u00a0\u00bbVotre e-mail ou votre n\u00b0 de t\u00e9l\u00e9phone\u00a0\u00bb fullwidth_field=\u00a0\u00bbon\u00a0\u00bb _builder_version=\u00a0\u00bb4.20.4&Prime; _module_preset=\u00a0\u00bbdefault\u00a0\u00bb global_colors_info=\u00a0\u00bb{}\u00a0\u00bb][\/et_pb_contact_field][et_pb_contact_field field_id=\u00a0\u00bbMessage\u00a0\u00bb field_title=\u00a0\u00bbVotre demande\u00a0\u00bb field_type=\u00a0\u00bbtext\u00a0\u00bb fullwidth_field=\u00a0\u00bbon\u00a0\u00bb _builder_version=\u00a0\u00bb4.20.2&Prime; global_colors_info=\u00a0\u00bb{}\u00a0\u00bb button_text_size__hover_enabled=\u00a0\u00bboff\u00a0\u00bb button_one_text_size__hover_enabled=\u00a0\u00bboff\u00a0\u00bb button_two_text_size__hover_enabled=\u00a0\u00bboff\u00a0\u00bb button_text_color__hover_enabled=\u00a0\u00bboff\u00a0\u00bb button_one_text_color__hover_enabled=\u00a0\u00bboff\u00a0\u00bb button_two_text_color__hover_enabled=\u00a0\u00bboff\u00a0\u00bb button_border_width__hover_enabled=\u00a0\u00bboff\u00a0\u00bb button_one_border_width__hover_enabled=\u00a0\u00bboff\u00a0\u00bb button_two_border_width__hover_enabled=\u00a0\u00bboff\u00a0\u00bb button_border_color__hover_enabled=\u00a0\u00bboff\u00a0\u00bb button_one_border_color__hover_enabled=\u00a0\u00bboff\u00a0\u00bb button_two_border_color__hover_enabled=\u00a0\u00bboff\u00a0\u00bb button_border_radius__hover_enabled=\u00a0\u00bboff\u00a0\u00bb button_one_border_radius__hover_enabled=\u00a0\u00bboff\u00a0\u00bb button_two_border_radius__hover_enabled=\u00a0\u00bboff\u00a0\u00bb button_letter_spacing__hover_enabled=\u00a0\u00bboff\u00a0\u00bb button_one_letter_spacing__hover_enabled=\u00a0\u00bboff\u00a0\u00bb button_two_letter_spacing__hover_enabled=\u00a0\u00bboff\u00a0\u00bb button_bg_color__hover_enabled=\u00a0\u00bboff\u00a0\u00bb button_one_bg_color__hover_enabled=\u00a0\u00bboff\u00a0\u00bb button_two_bg_color__hover_enabled=\u00a0\u00bboff\u00a0\u00bb][\/et_pb_contact_field][et_pb_contact_field field_id=\u00a0\u00bbconfidentialite\u00a0\u00bb field_title=\u00a0\u00bbPolitique de confidentialit\u00e9 \u00a0\u00bb field_type=\u00a0\u00bbcheckbox\u00a0\u00bb checkbox_options=\u00a0\u00bb%91{%22value%22:%22 Je donne mon consentement pour que soient conserv\u00e9es mes informations de contact \u00e0 des fins exclusivement administratives. Mes coordonn\u00e9es ne seront en aucun cas communiqu\u00e9es \u00e0 des tiers. Si je le souhaite, je pourrai demander la suppression de mes coordonn\u00e9es en utilisant le formulaire de contact.%22,%22checked%22:0,%22dragID%22:-1}%93&Prime; fullwidth_field=\u00a0\u00bbon\u00a0\u00bb _builder_version=\u00a0\u00bb4.27.3&Prime; _module_preset=\u00a0\u00bbdefault\u00a0\u00bb form_field_background_color=\u00a0\u00bb#FFFFFF\u00a0\u00bb form_field_text_color=\u00a0\u00bb#828282&Prime; form_field_font=\u00a0\u00bb||||||||\u00a0\u00bb background_color=\u00a0\u00bbRGBA(255,255,255,0)\u00a0\u00bb background_enable_color=\u00a0\u00bbon\u00a0\u00bb global_colors_info=\u00a0\u00bb{}\u00a0\u00bb][\/et_pb_contact_field][\/et_pb_contact_form][\/et_pb_column][\/et_pb_row][\/et_pb_section][et_pb_section fb_built=\u00a0\u00bb1&Prime; _builder_version=\u00a0\u00bb4.20.2&Prime; _module_preset=\u00a0\u00bbdefault\u00a0\u00bb background_color=\u00a0\u00bb#006F9F\u00a0\u00bb custom_margin=\u00a0\u00bb||-9px|||\u00a0\u00bb custom_padding=\u00a0\u00bb||28px|||\u00a0\u00bb global_colors_info=\u00a0\u00bb{}\u00a0\u00bb][et_pb_row _builder_version=\u00a0\u00bb4.20.2&Prime; _module_preset=\u00a0\u00bbdefault\u00a0\u00bb width=\u00a0\u00bb79%\u00a0\u00bb module_alignment=\u00a0\u00bbcenter\u00a0\u00bb custom_margin=\u00a0\u00bb-322px|auto||auto||\u00a0\u00bb custom_padding=\u00a0\u00bb26px|||||\u00a0\u00bb link_option_url=\u00a0\u00bb\/Mention-legale\u00a0\u00bb global_colors_info=\u00a0\u00bb{}\u00a0\u00bb][et_pb_column type=\u00a0\u00bb4_4&Prime; _builder_version=\u00a0\u00bb4.20.2&Prime; _module_preset=\u00a0\u00bbdefault\u00a0\u00bb global_colors_info=\u00a0\u00bb{}\u00a0\u00bb][et_pb_text _builder_version=\u00a0\u00bb4.21.0&Prime; _module_preset=\u00a0\u00bbdefault\u00a0\u00bb text_text_color=\u00a0\u00bb#FFFFFF\u00a0\u00bb custom_margin=\u00a0\u00bb||||false|false\u00a0\u00bb custom_padding=\u00a0\u00bb1px||6px|||\u00a0\u00bb link_option_url=\u00a0\u00bbhttps:\/\/jeanchristophebattesti.ovh\/home\/?page_id=2007&Prime; global_colors_info=\u00a0\u00bb{}\u00a0\u00bb][\/et_pb_text][\/et_pb_column][\/et_pb_row][\/et_pb_section]<\/p>\n","protected":false},"excerpt":{"rendered":"<p>Identit\u00e9 visuelle Cr\u00e9ation des \u00e9l\u00e9ments graphiques permettant de repr\u00e9senter visuellement votre entreprise.\u00a0L&rsquo;Identit\u00e9 visuelle se compose d&rsquo;un logo, de couleurs, de typographies et d&rsquo;\u00e9l\u00e9ments graphiques qui v\u00e9hiculent les valeurs et l&rsquo;image de marque de votre soci\u00e9t\u00e9.Supports de communication Cr\u00e9ation et r\u00e9alisation graphique de vos supports de communication : magazine, catalogue, plaquette, carte de visite, flyer, signal\u00e9tique, [&hellip;]<\/p>\n","protected":false},"author":1,"featured_media":0,"parent":0,"menu_order":0,"comment_status":"closed","ping_status":"closed","template":"","meta":{"_et_pb_use_builder":"on","_et_pb_old_content":"","_et_gb_content_width":"","footnotes":""},"class_list":["post-55","page","type-page","status-publish","hentry"],"yoast_head":"<!-- This site is optimized with the Yoast SEO plugin v27.5 - https:\/\/yoast.com\/product\/yoast-seo-wordpress\/ -->\n<title>Home - Jean-Christophe Battesti<\/title>\n<meta name=\"description\" content=\"Jean-Christophe Battesti - Graphiste Freelance - Vieux-Berquin - Hauts-de-France. Identit\u00e9 visuelle, supports de communication. Logo, charte graphique, plaquettes, brochures, flyers, catalogues, signal\u00e9tique\u2026\" \/>\n<meta name=\"robots\" content=\"index, follow, max-snippet:-1, max-image-preview:large, max-video-preview:-1\" \/>\n<link rel=\"canonical\" href=\"https:\/\/jeanchristophebattesti.ovh\/home\/\" \/>\n<meta property=\"og:locale\" content=\"fr_FR\" \/>\n<meta property=\"og:type\" content=\"article\" \/>\n<meta property=\"og:title\" content=\"Home - Jean-Christophe Battesti\" \/>\n<meta property=\"og:description\" content=\"Jean-Christophe Battesti - Graphiste Freelance - Vieux-Berquin - Hauts-de-France. Identit\u00e9 visuelle, supports de communication. Logo, charte graphique, plaquettes, brochures, flyers, catalogues, signal\u00e9tique\u2026\" \/>\n<meta property=\"og:url\" content=\"https:\/\/jeanchristophebattesti.ovh\/home\/\" \/>\n<meta property=\"og:site_name\" content=\"Jean-Christophe Battesti\" \/>\n<meta property=\"article:modified_time\" content=\"2025-12-11T09:56:30+00:00\" \/>\n<meta name=\"twitter:card\" content=\"summary_large_image\" \/>\n<meta name=\"twitter:label1\" content=\"Dur\u00e9e de lecture estim\u00e9e\" \/>\n\t<meta name=\"twitter:data1\" content=\"2 minutes\" \/>\n<script type=\"application\/ld+json\" class=\"yoast-schema-graph\">{\"@context\":\"https:\\\/\\\/schema.org\",\"@graph\":[{\"@type\":\"WebPage\",\"@id\":\"https:\\\/\\\/jeanchristophebattesti.ovh\\\/home\\\/\",\"url\":\"https:\\\/\\\/jeanchristophebattesti.ovh\\\/home\\\/\",\"name\":\"Home - Jean-Christophe Battesti\",\"isPartOf\":{\"@id\":\"https:\\\/\\\/jeanchristophebattesti.ovh\\\/home\\\/#website\"},\"datePublished\":\"2020-04-01T23:27:00+00:00\",\"dateModified\":\"2025-12-11T09:56:30+00:00\",\"description\":\"Jean-Christophe Battesti - Graphiste Freelance - Vieux-Berquin - Hauts-de-France. Identit\u00e9 visuelle, supports de communication. Logo, charte graphique, plaquettes, brochures, flyers, catalogues, signal\u00e9tique\u2026\",\"breadcrumb\":{\"@id\":\"https:\\\/\\\/jeanchristophebattesti.ovh\\\/home\\\/#breadcrumb\"},\"inLanguage\":\"fr-FR\",\"potentialAction\":[{\"@type\":\"ReadAction\",\"target\":[\"https:\\\/\\\/jeanchristophebattesti.ovh\\\/home\\\/\"]}]},{\"@type\":\"BreadcrumbList\",\"@id\":\"https:\\\/\\\/jeanchristophebattesti.ovh\\\/home\\\/#breadcrumb\",\"itemListElement\":[{\"@type\":\"ListItem\",\"position\":1,\"name\":\"Accueil\",\"item\":\"https:\\\/\\\/jeanchristophebattesti.ovh\\\/home\\\/\"},{\"@type\":\"ListItem\",\"position\":2,\"name\":\"Home\"}]},{\"@type\":\"WebSite\",\"@id\":\"https:\\\/\\\/jeanchristophebattesti.ovh\\\/home\\\/#website\",\"url\":\"https:\\\/\\\/jeanchristophebattesti.ovh\\\/home\\\/\",\"name\":\"Jean-Christophe Battesti - Graphiste Freelance\",\"description\":\"Identit\u00e9 visuelle - Supports de communication\",\"publisher\":{\"@id\":\"https:\\\/\\\/jeanchristophebattesti.ovh\\\/home\\\/#\\\/schema\\\/person\\\/3d5e8c72a3ac7796b5c5db3ef306ade8\"},\"potentialAction\":[{\"@type\":\"SearchAction\",\"target\":{\"@type\":\"EntryPoint\",\"urlTemplate\":\"https:\\\/\\\/jeanchristophebattesti.ovh\\\/home\\\/?s={search_term_string}\"},\"query-input\":{\"@type\":\"PropertyValueSpecification\",\"valueRequired\":true,\"valueName\":\"search_term_string\"}}],\"inLanguage\":\"fr-FR\"},{\"@type\":[\"Person\",\"Organization\"],\"@id\":\"https:\\\/\\\/jeanchristophebattesti.ovh\\\/home\\\/#\\\/schema\\\/person\\\/3d5e8c72a3ac7796b5c5db3ef306ade8\",\"name\":\"Jean-Christophe Battesti\",\"image\":{\"@type\":\"ImageObject\",\"inLanguage\":\"fr-FR\",\"@id\":\"https:\\\/\\\/secure.gravatar.com\\\/avatar\\\/7716b285541ce15eeba30e3e760a85301093fc16514e83328debe481c8fba2cc?s=96&d=mm&r=g\",\"url\":\"https:\\\/\\\/secure.gravatar.com\\\/avatar\\\/7716b285541ce15eeba30e3e760a85301093fc16514e83328debe481c8fba2cc?s=96&d=mm&r=g\",\"contentUrl\":\"https:\\\/\\\/secure.gravatar.com\\\/avatar\\\/7716b285541ce15eeba30e3e760a85301093fc16514e83328debe481c8fba2cc?s=96&d=mm&r=g\",\"caption\":\"Jean-Christophe Battesti\"},\"logo\":{\"@id\":\"https:\\\/\\\/secure.gravatar.com\\\/avatar\\\/7716b285541ce15eeba30e3e760a85301093fc16514e83328debe481c8fba2cc?s=96&d=mm&r=g\"}}]}<\/script>\n<!-- \/ Yoast SEO plugin. -->","yoast_head_json":{"title":"Home - Jean-Christophe Battesti","description":"Jean-Christophe Battesti - Graphiste Freelance - Vieux-Berquin - Hauts-de-France. Identit\u00e9 visuelle, supports de communication. Logo, charte graphique, plaquettes, brochures, flyers, catalogues, signal\u00e9tique\u2026","robots":{"index":"index","follow":"follow","max-snippet":"max-snippet:-1","max-image-preview":"max-image-preview:large","max-video-preview":"max-video-preview:-1"},"canonical":"https:\/\/jeanchristophebattesti.ovh\/home\/","og_locale":"fr_FR","og_type":"article","og_title":"Home - Jean-Christophe Battesti","og_description":"Jean-Christophe Battesti - Graphiste Freelance - Vieux-Berquin - Hauts-de-France. Identit\u00e9 visuelle, supports de communication. Logo, charte graphique, plaquettes, brochures, flyers, catalogues, signal\u00e9tique\u2026","og_url":"https:\/\/jeanchristophebattesti.ovh\/home\/","og_site_name":"Jean-Christophe Battesti","article_modified_time":"2025-12-11T09:56:30+00:00","twitter_card":"summary_large_image","twitter_misc":{"Dur\u00e9e de lecture estim\u00e9e":"2 minutes"},"schema":{"@context":"https:\/\/schema.org","@graph":[{"@type":"WebPage","@id":"https:\/\/jeanchristophebattesti.ovh\/home\/","url":"https:\/\/jeanchristophebattesti.ovh\/home\/","name":"Home - Jean-Christophe Battesti","isPartOf":{"@id":"https:\/\/jeanchristophebattesti.ovh\/home\/#website"},"datePublished":"2020-04-01T23:27:00+00:00","dateModified":"2025-12-11T09:56:30+00:00","description":"Jean-Christophe Battesti - Graphiste Freelance - Vieux-Berquin - Hauts-de-France. Identit\u00e9 visuelle, supports de communication. Logo, charte graphique, plaquettes, brochures, flyers, catalogues, signal\u00e9tique\u2026","breadcrumb":{"@id":"https:\/\/jeanchristophebattesti.ovh\/home\/#breadcrumb"},"inLanguage":"fr-FR","potentialAction":[{"@type":"ReadAction","target":["https:\/\/jeanchristophebattesti.ovh\/home\/"]}]},{"@type":"BreadcrumbList","@id":"https:\/\/jeanchristophebattesti.ovh\/home\/#breadcrumb","itemListElement":[{"@type":"ListItem","position":1,"name":"Accueil","item":"https:\/\/jeanchristophebattesti.ovh\/home\/"},{"@type":"ListItem","position":2,"name":"Home"}]},{"@type":"WebSite","@id":"https:\/\/jeanchristophebattesti.ovh\/home\/#website","url":"https:\/\/jeanchristophebattesti.ovh\/home\/","name":"Jean-Christophe Battesti - Graphiste Freelance","description":"Identit\u00e9 visuelle - Supports de communication","publisher":{"@id":"https:\/\/jeanchristophebattesti.ovh\/home\/#\/schema\/person\/3d5e8c72a3ac7796b5c5db3ef306ade8"},"potentialAction":[{"@type":"SearchAction","target":{"@type":"EntryPoint","urlTemplate":"https:\/\/jeanchristophebattesti.ovh\/home\/?s={search_term_string}"},"query-input":{"@type":"PropertyValueSpecification","valueRequired":true,"valueName":"search_term_string"}}],"inLanguage":"fr-FR"},{"@type":["Person","Organization"],"@id":"https:\/\/jeanchristophebattesti.ovh\/home\/#\/schema\/person\/3d5e8c72a3ac7796b5c5db3ef306ade8","name":"Jean-Christophe Battesti","image":{"@type":"ImageObject","inLanguage":"fr-FR","@id":"https:\/\/secure.gravatar.com\/avatar\/7716b285541ce15eeba30e3e760a85301093fc16514e83328debe481c8fba2cc?s=96&d=mm&r=g","url":"https:\/\/secure.gravatar.com\/avatar\/7716b285541ce15eeba30e3e760a85301093fc16514e83328debe481c8fba2cc?s=96&d=mm&r=g","contentUrl":"https:\/\/secure.gravatar.com\/avatar\/7716b285541ce15eeba30e3e760a85301093fc16514e83328debe481c8fba2cc?s=96&d=mm&r=g","caption":"Jean-Christophe Battesti"},"logo":{"@id":"https:\/\/secure.gravatar.com\/avatar\/7716b285541ce15eeba30e3e760a85301093fc16514e83328debe481c8fba2cc?s=96&d=mm&r=g"}}]}},"_links":{"self":[{"href":"https:\/\/jeanchristophebattesti.ovh\/home\/index.php?rest_route=\/wp\/v2\/pages\/55","targetHints":{"allow":["GET"]}}],"collection":[{"href":"https:\/\/jeanchristophebattesti.ovh\/home\/index.php?rest_route=\/wp\/v2\/pages"}],"about":[{"href":"https:\/\/jeanchristophebattesti.ovh\/home\/index.php?rest_route=\/wp\/v2\/types\/page"}],"author":[{"embeddable":true,"href":"https:\/\/jeanchristophebattesti.ovh\/home\/index.php?rest_route=\/wp\/v2\/users\/1"}],"replies":[{"embeddable":true,"href":"https:\/\/jeanchristophebattesti.ovh\/home\/index.php?rest_route=%2Fwp%2Fv2%2Fcomments&post=55"}],"version-history":[{"count":333,"href":"https:\/\/jeanchristophebattesti.ovh\/home\/index.php?rest_route=\/wp\/v2\/pages\/55\/revisions"}],"predecessor-version":[{"id":2484,"href":"https:\/\/jeanchristophebattesti.ovh\/home\/index.php?rest_route=\/wp\/v2\/pages\/55\/revisions\/2484"}],"wp:attachment":[{"href":"https:\/\/jeanchristophebattesti.ovh\/home\/index.php?rest_route=%2Fwp%2Fv2%2Fmedia&parent=55"}],"curies":[{"name":"wp","href":"https:\/\/api.w.org\/{rel}","templated":true}]}}